{"id":44,"date":"2026-04-28T15:13:24","date_gmt":"2026-04-28T12:13:24","guid":{"rendered":"https:\/\/toivoset.fi\/?page_id=44"},"modified":"2026-04-28T16:23:50","modified_gmt":"2026-04-28T13:23:50","slug":"etusivu","status":"publish","type":"page","link":"https:\/\/toivoset.fi\/","title":{"rendered":"Etusivu"},"content":{"rendered":"\n<div class=\"wp-block-uagb-container uagb-block-9d0b88c2 alignfull uagb-is-root-container\"><div class=\"uagb-container-inner-blocks-wrap\">\n<div class=\"wp-block-uagb-container uagb-block-fe715319 alignfull uagb-is-root-container\"><div class=\"uagb-container-inner-blocks-wrap\">\n<div class=\"wp-block-uagb-container uagb-block-5d961575\">\n<div class=\"wp-block-uagb-container uagb-block-61ed8f16\">\n<div class=\"wp-block-uagb-image alignleft uagb-block-d6743887 wp-block-uagb-image--layout-default wp-block-uagb-image--effect-static wp-block-uagb-image--align-left\"><figure class=\"wp-block-uagb-image__figure\"><img decoding=\"async\" srcset=\"https:\/\/toivoset.fi\/wp-content\/uploads\/2026\/04\/herokuva-antti-1-845x1024.png ,https:\/\/toivoset.fi\/wp-content\/uploads\/2026\/04\/herokuva-antti-1.png 780w, https:\/\/toivoset.fi\/wp-content\/uploads\/2026\/04\/herokuva-antti-1.png 360w\" sizes=\"auto, (max-width: 480px) 150px\" src=\"https:\/\/toivoset.fi\/wp-content\/uploads\/2026\/04\/herokuva-antti-1-845x1024.png\" alt=\"\" class=\"uag-image-48\" width=\"515\" height=\"590\" title=\"herokuva-antti\" loading=\"lazy\" role=\"img\"\/><\/figure><\/div>\n<\/div>\n<\/div>\n\n\n\n<div class=\"wp-block-uagb-container uagb-block-419af2a9\">\n<div class=\"wp-block-uagb-container uagb-block-fc70ca16\">\n<div class=\"wp-block-uagb-advanced-heading uagb-block-7fe7130f\"><h1 class=\"uagb-heading-text\">Kolmen polven<\/h1><\/div>\n\n\n\n<div class=\"wp-block-uagb-advanced-heading uagb-block-ac469949\"><h1 class=\"uagb-heading-text\">Toivoset<\/h1><\/div>\n\n\n\n<p style=\"font-size:26px;font-style:normal;font-weight:400;line-height:1.3\">Yritysten kehitys- ja konsultointipalvelut sek\u00e4<br>remontti- ja rakennuspalvelut Toivosilta Keski-<br>Suomessa sek\u00e4 P\u00e4ij\u00e4t-H\u00e4meess\u00e4.<\/p>\n<\/div>\n\n\n\n<div class=\"wp-block-uagb-buttons uagb-buttons__outer-wrap uagb-btn__default-btn uagb-btn-tablet__default-btn uagb-btn-mobile__default-btn uagb-block-1ce05704\"><div class=\"uagb-buttons__wrap uagb-buttons-layout-wrap \">\n<div class=\"wp-block-uagb-buttons-child uagb-buttons__outer-wrap uagb-block-a55a8efa wp-block-button\"><div class=\"uagb-button__wrapper\"><a class=\"uagb-buttons-repeater wp-block-button__link\" aria-label=\"\" href=\"#\" rel=\"follow noopener\" target=\"_self\" role=\"button\"><div class=\"uagb-button__link\">Ota yhteytt\u00e4<\/div><\/a><\/div><\/div>\n<\/div><\/div>\n<\/div>\n<\/div><\/div>\n<\/div><\/div>\n\n\n\n<div class=\"wp-block-uagb-container uagb-block-04a1b099 alignfull uagb-is-root-container\"><div class=\"uagb-container-inner-blocks-wrap\">\n<div class=\"wp-block-uagb-container uagb-block-bb451870 alignfull uagb-is-root-container\"><div class=\"uagb-container-inner-blocks-wrap\">\n<p class=\"has-ast-global-color-4-color has-text-color has-link-color wp-elements-ebbe9407bcad6a4cee4452131e7f3818\" style=\"font-size:18px;font-style:normal;font-weight:400;letter-spacing:30%;text-transform:uppercase\">Yhteystiedot<\/p>\n\n\n\n<div class=\"wp-block-uagb-advanced-heading uagb-block-85f3aa94\"><h1 class=\"uagb-heading-text\">Ota yhteytt\u00e4<\/h1><\/div>\n\n\n\n<p class=\"has-ast-global-color-4-color has-text-color has-link-color wp-elements-bb9fd3f489fc221c36d26cbec701d61f\">Toivosen suvun kolme sukupolvea palvelevat sinua yritysten kehitys- ja konsultointitarpeissa sek\u00e4 monipuolisissa rakennus- ja remonttitarpeissa.<\/p>\n<\/div><\/div>\n\n\n\n<div class=\"wp-block-uagb-container uagb-block-639aa554\">\n<div class=\"wp-block-uagb-container uagb-block-2ca97f90\">\n<p class=\"has-ast-global-color-4-color has-text-color has-link-color wp-elements-9d4210ceeb41c369163b5a4eaeabb48a\">Ideoita Oy<br>Antti Toivonen<br>antti.toivonen@toivoset.fi<br>0400 877829<\/p>\n\n\n\n<div class=\"wp-block-uagb-container uagb-block-0d09f5c5\">\n<p class=\"has-ast-global-color-4-color has-text-color has-link-color wp-elements-272f379954156cbb9d653386aa2582ce\">Rakennuspalvelu Toivonen Ky<br>Leevi Toivonen<br>leevi.toivonen@toivoset.fi<br>040 485 1800<\/p>\n<\/div>\n\n\n\n<div class=\"wp-block-uagb-container uagb-block-e3f93191\">\n<p class=\"has-ast-global-color-4-color has-text-color has-link-color wp-elements-74ddb8fe0f556c4682f93800f4eea27d\">Rakennuspalvelu Toivonen Ky<br>Heikki Toivonen<br>heikki.toivonen@toivoset.fi<br>040 555 9259<\/p>\n<\/div>\n<\/div>\n<\/div>\n\n\n\n<div class=\"wp-block-uagb-buttons uagb-buttons__outer-wrap uagb-btn__default-btn uagb-btn-tablet__default-btn uagb-btn-mobile__default-btn uagb-block-66257b19\"><div class=\"uagb-buttons__wrap uagb-buttons-layout-wrap \">\n<div class=\"wp-block-uagb-buttons-child uagb-buttons__outer-wrap uagb-block-b6a35f56 wp-block-button\"><div class=\"uagb-button__wrapper\"><a class=\"uagb-buttons-repeater wp-block-button__link\" aria-label=\"\" href=\"#\" rel=\"follow noopener\" target=\"_self\" role=\"button\"><div class=\"uagb-button__link\">Ota yhteytt\u00e4<\/div><\/a><\/div><\/div>\n<\/div><\/div>\n<\/div><\/div>\n\n\n\n<div class=\"wp-block-uagb-container uagb-block-9ee5e83c alignfull uagb-is-root-container\"><div class=\"uagb-container-inner-blocks-wrap\">\n<div class=\"wp-block-uagb-image alignleft uagb-block-c22aad23 wp-block-uagb-image--layout-default wp-block-uagb-image--effect-static wp-block-uagb-image--align-left\"><figure class=\"wp-block-uagb-image__figure\"><img decoding=\"async\" srcset=\"https:\/\/toivoset.fi\/wp-content\/uploads\/2026\/04\/konsultointi-kuvitus-929x1024.png ,https:\/\/toivoset.fi\/wp-content\/uploads\/2026\/04\/konsultointi-kuvitus.png 780w, https:\/\/toivoset.fi\/wp-content\/uploads\/2026\/04\/konsultointi-kuvitus.png 360w\" sizes=\"auto, (max-width: 480px) 150px\" src=\"https:\/\/toivoset.fi\/wp-content\/uploads\/2026\/04\/konsultointi-kuvitus-929x1024.png\" alt=\"\" class=\"uag-image-67\" width=\"522\" height=\"575\" title=\"konsultointi-kuvitus\" loading=\"lazy\" role=\"img\"\/><\/figure><\/div>\n\n\n\n<div class=\"wp-block-uagb-container uagb-block-b707d07e alignfull uagb-is-root-container\"><div class=\"uagb-container-inner-blocks-wrap\">\n<p class=\"has-ast-global-color-0-color has-text-color has-link-color wp-elements-efd7df982d0a5101d7d1bcee01c938fe\" style=\"font-size:18px;font-style:normal;font-weight:400;letter-spacing:30%;text-transform:uppercase\">Ideoita oy<\/p>\n\n\n\n<div class=\"wp-block-uagb-advanced-heading uagb-block-b0f34232\"><h1 class=\"uagb-heading-text\">Yritysten kehitys- ja<br>konsultointipalvelu<\/h1><\/div>\n\n\n\n<p class=\"has-ast-global-color-0-color has-text-color has-link-color wp-elements-521aecd154ce743e870b143b22e9fe75\">Kattavat, monialaiset yritysten kehitys- ja<br>konsultointipalvelut. Laajan verkoston kautta l\u00f6ytyy palvelut<br>ja ratkaisut mihin tahansa yrityksen tarpeeseen,<br>visuaalisista konsepteista ja verkkosivuista energia- ja<br>l\u00e4mmitysratkaisuihin sek\u00e4 ter\u00e4smaalaukseen.<\/p>\n\n\n\n<div class=\"wp-block-uagb-buttons uagb-buttons__outer-wrap uagb-btn__default-btn uagb-btn-tablet__default-btn uagb-btn-mobile__default-btn uagb-block-d8e79c16\"><div class=\"uagb-buttons__wrap uagb-buttons-layout-wrap \">\n<div class=\"wp-block-uagb-buttons-child uagb-buttons__outer-wrap uagb-block-8652dd3f wp-block-button\"><div class=\"uagb-button__wrapper\"><a class=\"uagb-buttons-repeater wp-block-button__link\" aria-label=\"\" href=\"#\" rel=\"follow noopener\" target=\"_self\" role=\"button\"><div class=\"uagb-button__link\">Ota yhteytt\u00e4<\/div><\/a><\/div><\/div>\n<\/div><\/div>\n<\/div><\/div>\n<\/div><\/div>\n\n\n\n<div class=\"wp-block-uagb-container uagb-block-7307f7fc alignfull uagb-is-root-container\"><div class=\"uagb-container-inner-blocks-wrap\">\n<div class=\"wp-block-uagb-container uagb-block-85ceefc7 alignfull uagb-is-root-container\"><div class=\"uagb-container-inner-blocks-wrap\">\n<p class=\"has-ast-global-color-0-color has-text-color has-link-color wp-elements-cdbd3ef58516bfcd4df133b4f0adc8d2\" style=\"font-size:18px;font-style:normal;font-weight:400;letter-spacing:30%;text-transform:uppercase\">Keski-suomi<\/p>\n\n\n\n<div class=\"wp-block-uagb-advanced-heading uagb-block-67073118\"><h1 class=\"uagb-heading-text\">Rakennuspalvelu Toivonen<\/h1><\/div>\n\n\n\n<p class=\"has-ast-global-color-0-color has-text-color has-link-color wp-elements-a40ecf4f7e16bb7b067d73fb23610e2a\">Tarjoamme monipuolisia rakennus- ja remonttipalveluita<br>koteihin ja vapaa-ajan asuntoihin. Pienen perheyrityksen\u00e4<br>teemme ty\u00f6n huolellisesti, joustavasti ja asiakkaan tarpeita<br>kuunnellen. Meille mik\u00e4\u00e4n projekti ei ole liian pieni \u2013<br>t\u00e4rkeint\u00e4 on tyytyv\u00e4inen asiakas ja kest\u00e4v\u00e4 lopputulos.<\/p>\n\n\n\n<div class=\"wp-block-uagb-buttons uagb-buttons__outer-wrap uagb-btn__default-btn uagb-btn-tablet__default-btn uagb-btn-mobile__default-btn uagb-block-28adc08f\"><div class=\"uagb-buttons__wrap uagb-buttons-layout-wrap \">\n<div class=\"wp-block-uagb-buttons-child uagb-buttons__outer-wrap uagb-block-3bb11c1b wp-block-button\"><div class=\"uagb-button__wrapper\"><a class=\"uagb-buttons-repeater wp-block-button__link\" aria-label=\"\" href=\"#\" rel=\"follow noopener\" target=\"_self\" role=\"button\"><div class=\"uagb-button__link\">Ota yhteytt\u00e4<\/div><\/a><\/div><\/div>\n<\/div><\/div>\n<\/div><\/div>\n\n\n\n<div class=\"wp-block-uagb-image alignright uagb-block-2de05000 wp-block-uagb-image--layout-default wp-block-uagb-image--effect-static wp-block-uagb-image--align-right\"><figure class=\"wp-block-uagb-image__figure\"><img decoding=\"async\" srcset=\"https:\/\/toivoset.fi\/wp-content\/uploads\/2026\/04\/remonttipalvelut-kuvitus-929x1024.png ,https:\/\/toivoset.fi\/wp-content\/uploads\/2026\/04\/remonttipalvelut-kuvitus.png 780w, https:\/\/toivoset.fi\/wp-content\/uploads\/2026\/04\/remonttipalvelut-kuvitus.png 360w\" sizes=\"auto, (max-width: 480px) 150px\" src=\"https:\/\/toivoset.fi\/wp-content\/uploads\/2026\/04\/remonttipalvelut-kuvitus-929x1024.png\" alt=\"\" class=\"uag-image-76\" width=\"522\" height=\"571\" title=\"remonttipalvelut-kuvitus\" loading=\"lazy\" role=\"img\"\/><\/figure><\/div>\n<\/div><\/div>\n\n\n\n<div class=\"wp-block-uagb-container uagb-block-d3a37cc9 alignfull uagb-is-root-container\"><div class=\"uagb-container-inner-blocks-wrap\">\n<div class=\"wp-block-uagb-image alignleft uagb-block-d214ae18 wp-block-uagb-image--layout-default wp-block-uagb-image--effect-static wp-block-uagb-image--align-left\"><figure class=\"wp-block-uagb-image__figure\"><img decoding=\"async\" srcset=\"https:\/\/toivoset.fi\/wp-content\/uploads\/2026\/04\/rakennusvalvonta-kuvitus-929x1024.png ,https:\/\/toivoset.fi\/wp-content\/uploads\/2026\/04\/rakennusvalvonta-kuvitus.png 780w, https:\/\/toivoset.fi\/wp-content\/uploads\/2026\/04\/rakennusvalvonta-kuvitus.png 360w\" sizes=\"auto, (max-width: 480px) 150px\" src=\"https:\/\/toivoset.fi\/wp-content\/uploads\/2026\/04\/rakennusvalvonta-kuvitus-929x1024.png\" alt=\"\" class=\"uag-image-78\" width=\"522\" height=\"558\" title=\"rakennusvalvonta-kuvitus\" loading=\"lazy\" role=\"img\"\/><\/figure><\/div>\n\n\n\n<div class=\"wp-block-uagb-container uagb-block-31d28cde alignfull uagb-is-root-container\"><div class=\"uagb-container-inner-blocks-wrap\">\n<p class=\"has-ast-global-color-0-color has-text-color has-link-color wp-elements-ea248e4911210f0fbad9fe90492f40a6\" style=\"font-size:18px;font-style:normal;font-weight:400;letter-spacing:30%;text-transform:uppercase\">p\u00e4ij\u00e4t-h\u00e4me<\/p>\n\n\n\n<div class=\"wp-block-uagb-advanced-heading uagb-block-e857045d\"><h1 class=\"uagb-heading-text\">Rakennusvalvonta ja rakennustekninen neuvonta<\/h1><\/div>\n\n\n\n<p class=\"has-ast-global-color-0-color has-text-color has-link-color wp-elements-42cde75206eb06c8e2e624445e379ed7\">Rakennusvalvonta, rakennustekninen neuvonta, vastaavan<br>mestarin palvelut, katselmukset ja tarkastukset sek\u00e4<br>omakotirakentajien ja taloyhti\u00f6iden tuki Lahden, Asikkalan ja<br>Padasjoen alueella vuosikymmenten kokemuksella.<\/p>\n\n\n\n<div class=\"wp-block-uagb-buttons uagb-buttons__outer-wrap uagb-btn__default-btn uagb-btn-tablet__default-btn uagb-btn-mobile__default-btn uagb-block-8d23969c\"><div class=\"uagb-buttons__wrap uagb-buttons-layout-wrap \">\n<div class=\"wp-block-uagb-buttons-child uagb-buttons__outer-wrap uagb-block-42de19f4 wp-block-button\"><div class=\"uagb-button__wrapper\"><a class=\"uagb-buttons-repeater wp-block-button__link\" aria-label=\"\" href=\"#\" rel=\"follow noopener\" target=\"_self\" role=\"button\"><div class=\"uagb-button__link\">Ota yhteytt\u00e4<\/div><\/a><\/div><\/div>\n<\/div><\/div>\n<\/div><\/div>\n<\/div><\/div>\n\n\n\n<div class=\"wp-block-uagb-container uagb-block-46ec5e0e alignfull uagb-is-root-container\"><div class=\"uagb-container-inner-blocks-wrap\">\n<div class=\"wp-block-uagb-container uagb-block-5b0b726a alignfull uagb-is-root-container\"><div class=\"uagb-container-inner-blocks-wrap\">\n<p class=\"has-ast-global-color-0-color has-text-color has-link-color wp-elements-8c8dcac855bfc97392e1a837b7e9eec3\" style=\"font-size:18px;font-style:normal;font-weight:400;letter-spacing:30%;text-transform:uppercase\">ota yhteytt\u00e4<\/p>\n\n\n\n<div class=\"wp-block-uagb-advanced-heading uagb-block-84de6c78\"><h1 class=\"uagb-heading-text\">J\u00e4t\u00e4 yhteydenottopyynt\u00f6<\/h1><\/div>\n\n\n\n<p class=\"has-ast-global-color-0-color has-text-color has-link-color wp-elements-0c66e47a0be393ee9afb36d79b61c621\">J\u00e4t\u00e4 meille yhteydenottopyynt\u00f6 oheisella lomakkeella ja<br>palaamme asiaan mahdollisimman pian.<\/p>\n<\/div><\/div>\n<\/div><\/div>\n","protected":false},"excerpt":{"rendered":"<p>Kolmen polven Toivoset Yritysten kehitys- ja konsultointipalvelut sek\u00e4remontti- ja rakennuspalvelut Toivosilta Keski-Suomessa sek\u00e4 P\u00e4ij\u00e4t-H\u00e4meess\u00e4. Yhteystiedot Ota yhteytt\u00e4 Toivosen suvun kolme [&hellip;]<\/p>\n","protected":false},"author":2,"featured_media":0,"parent":0,"menu_order":0,"comment_status":"closed","ping_status":"closed","template":"","meta":{"_uag_custom_page_level_css":"","site-sidebar-layout":"default","site-content-layout":"","ast-site-content-layout":"default","site-content-style":"default","site-sidebar-style":"default","ast-global-header-display":"","ast-banner-title-visibility":"","ast-main-header-display":"","ast-hfb-above-header-display":"","ast-hfb-below-header-display":"","ast-hfb-mobile-header-display":"","site-post-title":"disabled","ast-breadcrumbs-content":"","ast-featured-img":"","footer-sml-layout":"","ast-disable-related-posts":"","theme-transparent-header-meta":"","adv-header-id-meta":"","stick-header-meta":"","header-above-stick-meta":"","header-main-stick-meta":"","header-below-stick-meta":"","astra-migrate-meta-layouts":"default","ast-page-background-enabled":"default","ast-page-background-meta":{"desktop":{"background-color":"var(--ast-global-color-5)","background-image":"","background-repeat":"repeat","background-position":"center center","background-size":"auto","background-attachment":"scroll","background-type":"","background-media":"","overlay-type":"","overlay-color":"","overlay-opacity":"","overlay-gradient":""},"tablet":{"background-color":"","background-image":"","background-repeat":"repeat","background-position":"center center","background-size":"auto","background-attachment":"scroll","background-type":"","background-media":"","overlay-type":"","overlay-color":"","overlay-opacity":"","overlay-gradient":""},"mobile":{"background-color":"","background-image":"","background-repeat":"repeat","background-position":"center center","background-size":"auto","background-attachment":"scroll","background-type":"","background-media":"","overlay-type":"","overlay-color":"","overlay-opacity":"","overlay-gradient":""}},"ast-content-background-meta":{"desktop":{"background-color":"var(--ast-global-color-4)","background-image":"","background-repeat":"repeat","background-position":"center center","background-size":"auto","background-attachment":"scroll","background-type":"","background-media":"","overlay-type":"","overlay-color":"","overlay-opacity":"","overlay-gradient":""},"tablet":{"background-color":"var(--ast-global-color-4)","background-image":"","background-repeat":"repeat","background-position":"center center","background-size":"auto","background-attachment":"scroll","background-type":"","background-media":"","overlay-type":"","overlay-color":"","overlay-opacity":"","overlay-gradient":""},"mobile":{"background-color":"var(--ast-global-color-4)","background-image":"","background-repeat":"repeat","background-position":"center center","background-size":"auto","background-attachment":"scroll","background-type":"","background-media":"","overlay-type":"","overlay-color":"","overlay-opacity":"","overlay-gradient":""}},"footnotes":""},"class_list":["post-44","page","type-page","status-publish","hentry"],"uagb_featured_image_src":{"full":false,"thumbnail":false,"medium":false,"medium_large":false,"large":false,"1536x1536":false,"2048x2048":false},"uagb_author_info":{"display_name":"janitarupponen","author_link":"https:\/\/toivoset.fi\/?author=2"},"uagb_comment_info":0,"uagb_excerpt":"Kolmen polven Toivoset Yritysten kehitys- ja konsultointipalvelut sek\u00e4remontti- ja rakennuspalvelut Toivosilta Keski-Suomessa sek\u00e4 P\u00e4ij\u00e4t-H\u00e4meess\u00e4. Yhteystiedot Ota yhteytt\u00e4 Toivosen suvun kolme [&hellip;]","_links":{"self":[{"href":"https:\/\/toivoset.fi\/index.php?rest_route=\/wp\/v2\/pages\/44","targetHints":{"allow":["GET"]}}],"collection":[{"href":"https:\/\/toivoset.fi\/index.php?rest_route=\/wp\/v2\/pages"}],"about":[{"href":"https:\/\/toivoset.fi\/index.php?rest_route=\/wp\/v2\/types\/page"}],"author":[{"embeddable":true,"href":"https:\/\/toivoset.fi\/index.php?rest_route=\/wp\/v2\/users\/2"}],"replies":[{"embeddable":true,"href":"https:\/\/toivoset.fi\/index.php?rest_route=%2Fwp%2Fv2%2Fcomments&post=44"}],"version-history":[{"count":33,"href":"https:\/\/toivoset.fi\/index.php?rest_route=\/wp\/v2\/pages\/44\/revisions"}],"predecessor-version":[{"id":98,"href":"https:\/\/toivoset.fi\/index.php?rest_route=\/wp\/v2\/pages\/44\/revisions\/98"}],"wp:attachment":[{"href":"https:\/\/toivoset.fi\/index.php?rest_route=%2Fwp%2Fv2%2Fmedia&parent=44"}],"curies":[{"name":"wp","href":"https:\/\/api.w.org\/{rel}","templated":true}]}}